{"id":161,"date":"2025-07-29T07:33:26","date_gmt":"2025-07-29T07:33:26","guid":{"rendered":"https:\/\/nhahatmuaroithanglong.vn\/?page_id=161"},"modified":"2025-08-12T16:17:59","modified_gmt":"2025-08-12T09:17:59","slug":"ban-lanh-dao","status":"publish","type":"page","link":"https:\/\/nhahatmuaroithanglong.vn\/en\/ban-lanh-dao\/","title":{"rendered":"Leader board"},"content":{"rendered":"<section class=\"section\" id=\"section_213767025\">\n\t\t<div class=\"section-bg fill\" >\n\t\t\t\t\t\t\t\t\t\n\t\t\t\n\n\t\t<\/div>\n\n\t\t\n\n\t\t<div class=\"section-content relative\">\n\t\t\t\n<div class=\"row row-collapse align-center\"  id=\"row-1639066450\">\n\n\t<div id=\"col-534706479\" class=\"col small-3 large-12\"  >\n\t\t\t\t<div class=\"col-inner text-center\"  >\n\t\t\t\n\t\t\t\n\t<div class=\"img has-hover icon-rotate x md-x lg-x y md-y lg-y\" id=\"image_1125157092\">\n\t\t\t\t\t\t\t\t<div class=\"img-inner dark\" >\n\t\t\t<img loading=\"lazy\" decoding=\"async\" width=\"405\" height=\"405\" src=\"https:\/\/nhahatmuaroithanglong.vn\/wp-content\/uploads\/2025\/07\/LogoM-2-1.png\" class=\"attachment-original size-original\" alt=\"\" srcset=\"https:\/\/nhahatmuaroithanglong.vn\/wp-content\/uploads\/2025\/07\/LogoM-2-1.png 405w, https:\/\/nhahatmuaroithanglong.vn\/wp-content\/uploads\/2025\/07\/LogoM-2-1-300x300.png 300w, https:\/\/nhahatmuaroithanglong.vn\/wp-content\/uploads\/2025\/07\/LogoM-2-1-150x150.png 150w\" sizes=\"auto, (max-width: 405px) 100vw, 405px\" \/>\t\t\t\t\t\t\n\t\t\t\t\t<\/div>\n\t\t\t\t\t\t\t\t\n<style>\n#image_1125157092 {\n  width: 100%;\n}\n<\/style>\n\t<\/div>\n\t\n\t\t<\/div>\n\t\t\t\t\t<\/div>\n\n\t\n<\/div>\n<div class=\"row align-center\"  id=\"row-1169929820\">\n\n\t<div id=\"col-80873507\" class=\"col medium-7 small-12 large-7\"  >\n\t\t\t\t<div class=\"col-inner\"  >\n\t\t\t\n\t\t\t\n\t<div id=\"text-3823390115\" class=\"text segTitle\">\n\t\t\n<h2>Leader board<\/h2>\n\t\t\n<style>\n#text-3823390115 {\n  text-align: center;\n}\n<\/style>\n\t<\/div>\n\t\n\t\t<\/div>\n\t\t\t\t\t<\/div>\n\n\t\n<\/div>\n<div class=\"row row-small align-center\"  id=\"row-837305645\">\n\n\t<div id=\"col-478084397\" class=\"col medium-4 small-12 large-3\"  >\n\t\t\t\t<div class=\"col-inner\"  >\n\t\t\t\n\t\t\t\n\t<div class=\"box has-hover img-product  has-hover box-text-bottom\" >\n\n\t\t<div class=\"box-image\" >\n\t\t\t\t\t\t<div class=\"image-cover\" style=\"padding-top:75%;\">\n\t\t\t\t<img loading=\"lazy\" decoding=\"async\" width=\"413\" height=\"465\" src=\"https:\/\/nhahatmuaroithanglong.vn\/wp-content\/uploads\/2025\/07\/NSUT_Tran_Thanh_Hien-1-e1754737078565.png\" class=\"attachment-original size-original\" alt=\"\" srcset=\"https:\/\/nhahatmuaroithanglong.vn\/wp-content\/uploads\/2025\/07\/NSUT_Tran_Thanh_Hien-1-e1754737078565.png 413w, https:\/\/nhahatmuaroithanglong.vn\/wp-content\/uploads\/2025\/07\/NSUT_Tran_Thanh_Hien-1-e1754737078565-266x300.png 266w\" sizes=\"auto, (max-width: 413px) 100vw, 413px\" \/>\t\t\t\t\t\t\t\t\t\t\t<\/div>\n\t\t\t\t\t<\/div>\n\n\t\t<div class=\"box-text text-center\" style=\"background-color:rgb(3, 47, 48);\">\n\t\t\t<div class=\"box-text-inner\">\n\t\t\t\t\n\t<div id=\"text-3861079658\" class=\"text\">\n\t\t\n<h3>MERITORIOUS Thanh Hien<\/h3>\n<p>Theatre Director<\/p>\n\t\t\n<style>\n#text-3861079658 {\n  color: rgb(255,255,255);\n}\n#text-3861079658 > * {\n  color: rgb(255,255,255);\n}\n<\/style>\n\t<\/div>\n\t\n\t\t\t<\/div>\n\t\t<\/div>\n\t<\/div>\n\t\n\t\t<\/div>\n\t\t\t\t\t<\/div>\n\n\t\n<\/div>\n<div class=\"row row-small align-center\"  id=\"row-370786612\">\n\n\t<div id=\"col-2142091654\" class=\"col medium-4 small-12 large-3\"  >\n\t\t\t\t<div class=\"col-inner\"  >\n\t\t\t\n\t\t\t\n\t<div class=\"box has-hover img-product  has-hover box-text-bottom\" >\n\n\t\t<div class=\"box-image\" >\n\t\t\t\t\t\t<div class=\"image-cover\" style=\"padding-top:75%;\">\n\t\t\t\t<img loading=\"lazy\" decoding=\"async\" width=\"665\" height=\"601\" src=\"https:\/\/nhahatmuaroithanglong.vn\/wp-content\/uploads\/2025\/07\/nhipsonghanoi.hanoimoi.com_.vn-uploads-images-phananh-2021-03-11-_duc-hung1-1.png\" class=\"attachment-original size-original\" alt=\"\" srcset=\"https:\/\/nhahatmuaroithanglong.vn\/wp-content\/uploads\/2025\/07\/nhipsonghanoi.hanoimoi.com_.vn-uploads-images-phananh-2021-03-11-_duc-hung1-1.png 665w, https:\/\/nhahatmuaroithanglong.vn\/wp-content\/uploads\/2025\/07\/nhipsonghanoi.hanoimoi.com_.vn-uploads-images-phananh-2021-03-11-_duc-hung1-1-300x271.png 300w\" sizes=\"auto, (max-width: 665px) 100vw, 665px\" \/>\t\t\t\t\t\t\t\t\t\t\t<\/div>\n\t\t\t\t\t<\/div>\n\n\t\t<div class=\"box-text text-center\" style=\"background-color:rgb(3, 47, 48);\">\n\t\t\t<div class=\"box-text-inner\">\n\t\t\t\t\n\t<div id=\"text-2038718411\" class=\"text\">\n\t\t\n<h3>MERITORIOUS Duc Hung<\/h3>\n<p>Ph\u00f3 gi\u00e1m \u0111\u1ed1c nh\u00e0 h\u00e1t<\/p>\n\t\t\n<style>\n#text-2038718411 {\n  color: rgb(255,255,255);\n}\n#text-2038718411 > * {\n  color: rgb(255,255,255);\n}\n<\/style>\n\t<\/div>\n\t\n\t\t\t<\/div>\n\t\t<\/div>\n\t<\/div>\n\t\n\t\t<\/div>\n\t\t\t\t\t<\/div>\n\n\t\n\n\t<div id=\"col-1533482972\" class=\"col medium-4 small-12 large-3\"  >\n\t\t\t\t<div class=\"col-inner\"  >\n\t\t\t\n\t\t\t\n\t<div class=\"box has-hover img-product  has-hover box-text-bottom\" >\n\n\t\t<div class=\"box-image\" >\n\t\t\t\t\t\t<div class=\"image-cover\" style=\"padding-top:75%;\">\n\t\t\t\t<img loading=\"lazy\" decoding=\"async\" width=\"500\" height=\"500\" src=\"https:\/\/nhahatmuaroithanglong.vn\/wp-content\/uploads\/2025\/08\/NSUT-Dang-To-Nhu-Pho-Giam-doc-2-e1754759976949.jpg\" class=\"attachment-original size-original\" alt=\"\" srcset=\"https:\/\/nhahatmuaroithanglong.vn\/wp-content\/uploads\/2025\/08\/NSUT-Dang-To-Nhu-Pho-Giam-doc-2-e1754759976949.jpg 500w, https:\/\/nhahatmuaroithanglong.vn\/wp-content\/uploads\/2025\/08\/NSUT-Dang-To-Nhu-Pho-Giam-doc-2-e1754759976949-300x300.jpg 300w, https:\/\/nhahatmuaroithanglong.vn\/wp-content\/uploads\/2025\/08\/NSUT-Dang-To-Nhu-Pho-Giam-doc-2-e1754759976949-150x150.jpg 150w\" sizes=\"auto, (max-width: 500px) 100vw, 500px\" \/>\t\t\t\t\t\t\t\t\t\t\t<\/div>\n\t\t\t\t\t<\/div>\n\n\t\t<div class=\"box-text text-center\" style=\"background-color:rgb(3, 47, 48);\">\n\t\t\t<div class=\"box-text-inner\">\n\t\t\t\t\n\t<div id=\"text-218558929\" class=\"text\">\n\t\t\n<h3>MERITORIOUS Dang Factors such As<\/h3>\n<p>Ph\u00f3 gi\u00e1m \u0111\u1ed1c nh\u00e0 h\u00e1t<\/p>\n\t\t\n<style>\n#text-218558929 {\n  color: rgb(255,255,255);\n}\n#text-218558929 > * {\n  color: rgb(255,255,255);\n}\n<\/style>\n\t<\/div>\n\t\n\t\t\t<\/div>\n\t\t<\/div>\n\t<\/div>\n\t\n\t\t<\/div>\n\t\t\t\t\t<\/div>\n\n\t\n<\/div>\n\t\t<\/div>\n\n\t\t\n<style>\n#section_213767025 {\n  padding-top: 30px;\n  padding-bottom: 30px;\n}\n<\/style>\n\t<\/section>","protected":false},"excerpt":{"rendered":"","protected":false},"author":2,"featured_media":0,"parent":0,"menu_order":0,"comment_status":"closed","ping_status":"closed","template":"page-blank.php","meta":{"_acf_changed":false,"footnotes":""},"class_list":["post-161","page","type-page","status-publish","hentry"],"acf":[],"_links":{"self":[{"href":"https:\/\/nhahatmuaroithanglong.vn\/en\/wp-json\/wp\/v2\/pages\/161","targetHints":{"allow":["GET"]}}],"collection":[{"href":"https:\/\/nhahatmuaroithanglong.vn\/en\/wp-json\/wp\/v2\/pages"}],"about":[{"href":"https:\/\/nhahatmuaroithanglong.vn\/en\/wp-json\/wp\/v2\/types\/page"}],"author":[{"embeddable":true,"href":"https:\/\/nhahatmuaroithanglong.vn\/en\/wp-json\/wp\/v2\/users\/2"}],"replies":[{"embeddable":true,"href":"https:\/\/nhahatmuaroithanglong.vn\/en\/wp-json\/wp\/v2\/comments?post=161"}],"version-history":[{"count":5,"href":"https:\/\/nhahatmuaroithanglong.vn\/en\/wp-json\/wp\/v2\/pages\/161\/revisions"}],"predecessor-version":[{"id":665,"href":"https:\/\/nhahatmuaroithanglong.vn\/en\/wp-json\/wp\/v2\/pages\/161\/revisions\/665"}],"wp:attachment":[{"href":"https:\/\/nhahatmuaroithanglong.vn\/en\/wp-json\/wp\/v2\/media?parent=161"}],"curies":[{"name":"wp","href":"https:\/\/api.w.org\/{rel}","templated":true}]}}