{"id":434,"date":"2025-08-07T09:29:36","date_gmt":"2025-08-07T09:29:36","guid":{"rendered":"https:\/\/nhahatmuaroithanglong.vn\/?page_id=434"},"modified":"2025-08-07T09:32:55","modified_gmt":"2025-08-07T09:32:55","slug":"thu-vien-video","status":"publish","type":"page","link":"https:\/\/nhahatmuaroithanglong.vn\/en\/thu-vien-video\/","title":{"rendered":"Video library"},"content":{"rendered":"<section class=\"section\" id=\"section_1478925212\">\n\t\t<div class=\"section-bg fill\" >\n\t\t\t\t\t\t\t\t\t\n\t\t\t\n\n\t\t<\/div>\n\n\t\t\n\n\t\t<div class=\"section-content relative\">\n\t\t\t\n<div class=\"row row-collapse align-center\"  id=\"row-1998357574\">\n\n\t<div id=\"col-261484228\" class=\"col small-3 large-12\"  >\n\t\t\t\t<div class=\"col-inner text-center\"  >\n\t\t\t\n\t\t\t\n\t<div class=\"img has-hover icon-rotate x md-x lg-x y md-y lg-y\" id=\"image_114420181\">\n\t\t\t\t\t\t\t\t<div class=\"img-inner dark\" >\n\t\t\t<img loading=\"lazy\" decoding=\"async\" width=\"405\" height=\"405\" src=\"https:\/\/nhahatmuaroithanglong.vn\/wp-content\/uploads\/2025\/07\/LogoM-2-1.png\" class=\"attachment-original size-original\" alt=\"\" srcset=\"https:\/\/nhahatmuaroithanglong.vn\/wp-content\/uploads\/2025\/07\/LogoM-2-1.png 405w, https:\/\/nhahatmuaroithanglong.vn\/wp-content\/uploads\/2025\/07\/LogoM-2-1-300x300.png 300w, https:\/\/nhahatmuaroithanglong.vn\/wp-content\/uploads\/2025\/07\/LogoM-2-1-150x150.png 150w\" sizes=\"auto, (max-width: 405px) 100vw, 405px\" \/>\t\t\t\t\t\t\n\t\t\t\t\t<\/div>\n\t\t\t\t\t\t\t\t\n<style>\n#image_114420181 {\n  width: 100%;\n}\n<\/style>\n\t<\/div>\n\t\n\t\t<\/div>\n\t\t\t\t\t<\/div>\n\n\t\n<\/div>\n<div class=\"row\"  id=\"row-64480189\">\n\n\t<div id=\"col-746464974\" class=\"col small-12 large-12\"  >\n\t\t\t\t<div class=\"col-inner\"  >\n\t\t\t\n\t\t\t\n\t<div id=\"text-3638873855\" class=\"text segTitle\">\n\t\t\n<h2>Th\u01b0 vi\u1ec7n Video<\/h2>\n\t\t\n<style>\n#text-3638873855 {\n  text-align: center;\n}\n<\/style>\n\t<\/div>\n\t\n\t\t<\/div>\n\t\t\t\t\t<\/div>\n\n\t\n<\/div>\n<div class=\"row\"  id=\"row-483752550\">\n\n\t<div id=\"col-1016875851\" class=\"col medium-4 small-12 large-4\"  >\n\t\t\t\t<div class=\"col-inner\"  >\n\t\t\t\n\t\t\t\n<div class=\"video video-fit mb\" style=\"padding-top:56.25%;\"><p><iframe loading=\"lazy\" title=\"Full L\u1ec5 k\u1ef7 ni\u1ec7m 55 n\u0103m th\u00e0nh l\u1eadp Nh\u00e0 h\u00e1t M\u00faa r\u1ed1i Th\u0103ng Long\" width=\"1020\" height=\"574\" src=\"https:\/\/www.youtube.com\/embed\/GsPwQaYl8eo?feature=oembed\" frameborder=\"0\" allow=\"accelerometer; autoplay; clipboard-write; encrypted-media; gyroscope; picture-in-picture; web-share\" referrerpolicy=\"strict-origin-when-cross-origin\" allowfullscreen><\/iframe><\/p>\n<\/div>\n\t\t<\/div>\n\t\t\t\t\t<\/div>\n\n\t\n\n\t<div id=\"col-234160811\" class=\"col medium-4 small-12 large-4\"  >\n\t\t\t\t<div class=\"col-inner\"  >\n\t\t\t\n\t\t\t\n<div class=\"video video-fit mb\" style=\"padding-top:56.25%;\"><p><iframe loading=\"lazy\" title=\"Trailer v\u1edf di\u1ec5n \u201cT\u1ea5m c\u00e1m\u201d - Nh\u00e0 h\u00e1t M\u00faa r\u1ed1i Th\u0103ng Long\" width=\"1020\" height=\"574\" src=\"https:\/\/www.youtube.com\/embed\/DozOV3InFm0?feature=oembed\" frameborder=\"0\" allow=\"accelerometer; autoplay; clipboard-write; encrypted-media; gyroscope; picture-in-picture; web-share\" referrerpolicy=\"strict-origin-when-cross-origin\" allowfullscreen><\/iframe><\/p>\n<\/div>\n\t\t<\/div>\n\t\t\t\t\t<\/div>\n\n\t\n\n\t<div id=\"col-31143472\" class=\"col medium-4 small-12 large-4\"  >\n\t\t\t\t<div class=\"col-inner\"  >\n\t\t\t\n\t\t\t\n<div class=\"video video-fit mb\" style=\"padding-top:56.25%;\"><p><iframe loading=\"lazy\" title=\"L\u1ec4 K\u1ef6 NI\u1ec6M 55 N\u0102M TH\u00c0NH L\u1eacP NH\u00c0 H\u00c1T M\u00daA R\u1ed0I TH\u0102NG LONG\" width=\"1020\" height=\"574\" src=\"https:\/\/www.youtube.com\/embed\/cGWeMJm2dLM?feature=oembed\" frameborder=\"0\" allow=\"accelerometer; autoplay; clipboard-write; encrypted-media; gyroscope; picture-in-picture; web-share\" referrerpolicy=\"strict-origin-when-cross-origin\" allowfullscreen><\/iframe><\/p>\n<\/div>\n\t\t<\/div>\n\t\t\t\t\t<\/div>\n\n\t\n\n\t<div id=\"col-1600755223\" class=\"col medium-4 small-12 large-4\"  >\n\t\t\t\t<div class=\"col-inner\"  >\n\t\t\t\n\t\t\t\n<div class=\"video video-fit mb\" style=\"padding-top:56.25%;\"><p><iframe loading=\"lazy\" title=\"Teaser Ho\u00e0ng \u0110\u1ebf C\u1edd lau\" width=\"1020\" height=\"574\" src=\"https:\/\/www.youtube.com\/embed\/chplhQV22C4?feature=oembed\" frameborder=\"0\" allow=\"accelerometer; autoplay; clipboard-write; encrypted-media; gyroscope; picture-in-picture; web-share\" referrerpolicy=\"strict-origin-when-cross-origin\" allowfullscreen><\/iframe><\/p>\n<\/div>\n\t\t<\/div>\n\t\t\t\t\t<\/div>\n\n\t\n\n\t<div id=\"col-1951336635\" class=\"col medium-4 small-12 large-4\"  >\n\t\t\t\t<div class=\"col-inner\"  >\n\t\t\t\n\t\t\t\n<div class=\"video video-fit mb\" style=\"padding-top:56.25%;\"><p><iframe loading=\"lazy\" title=\"V\u1edf Ngh\u00eau s\u00f2 \u1ed1c h\u1ebfn\" width=\"1020\" height=\"574\" src=\"https:\/\/www.youtube.com\/embed\/Pmep1Odrngo?feature=oembed\" frameborder=\"0\" allow=\"accelerometer; autoplay; clipboard-write; encrypted-media; gyroscope; picture-in-picture; web-share\" referrerpolicy=\"strict-origin-when-cross-origin\" allowfullscreen><\/iframe><\/p>\n<\/div>\n\t\t<\/div>\n\t\t\t\t\t<\/div>\n\n\t\n\n\t<div id=\"col-1098536244\" class=\"col medium-4 small-12 large-4\"  >\n\t\t\t\t<div class=\"col-inner\"  >\n\t\t\t\n\t\t\t\n<div class=\"video video-fit mb\" style=\"padding-top:56.25%;\"><p><iframe loading=\"lazy\" title=\"Thang Long Water Puppet Theater - &quot;The only Asian Theater record water puppet shows 365 days a year&quot;\" width=\"1020\" height=\"574\" src=\"https:\/\/www.youtube.com\/embed\/fdlY0H85rEY?feature=oembed\" frameborder=\"0\" allow=\"accelerometer; autoplay; clipboard-write; encrypted-media; gyroscope; picture-in-picture; web-share\" referrerpolicy=\"strict-origin-when-cross-origin\" allowfullscreen><\/iframe><\/p>\n<\/div>\n\t\t<\/div>\n\t\t\t\t\t<\/div>\n\n\t\n\n\t<div id=\"col-1231759614\" class=\"col medium-4 small-12 large-4\"  >\n\t\t\t\t<div class=\"col-inner\"  >\n\t\t\t\n\t\t\t\n<div class=\"video video-fit mb\" style=\"padding-top:56.25%;\"><p><iframe loading=\"lazy\" title=\"Th\u1ebf gi\u1edbi c\u1ed5 t\u00edch ph\u00f2ng Covid - Nh\u00e0 h\u00e1t M\u00faa r\u1ed1i Th\u0103ng Long\" width=\"1020\" height=\"574\" src=\"https:\/\/www.youtube.com\/embed\/_2_qiia3JLY?feature=oembed\" frameborder=\"0\" allow=\"accelerometer; autoplay; clipboard-write; encrypted-media; gyroscope; picture-in-picture; web-share\" referrerpolicy=\"strict-origin-when-cross-origin\" allowfullscreen><\/iframe><\/p>\n<\/div>\n\t\t<\/div>\n\t\t\t\t\t<\/div>\n\n\t\n\n\t<div id=\"col-2024415649\" class=\"col medium-4 small-12 large-4\"  >\n\t\t\t\t<div class=\"col-inner\"  >\n\t\t\t\n\t\t\t\n<div class=\"video video-fit mb\" style=\"padding-top:56.25%;\"><p><iframe loading=\"lazy\" title=\"K\u1ecbch R\u1ed1i: QU\u00ca EM CH\u1ed0NG D\u1ecaCH - Nh\u00e0 h\u00e1t M\u00faa r\u1ed1i Th\u0103ng Long\" width=\"1020\" height=\"574\" src=\"https:\/\/www.youtube.com\/embed\/RfU93G3CZCo?feature=oembed\" frameborder=\"0\" allow=\"accelerometer; autoplay; clipboard-write; encrypted-media; gyroscope; picture-in-picture; web-share\" referrerpolicy=\"strict-origin-when-cross-origin\" allowfullscreen><\/iframe><\/p>\n<\/div>\n\t\t<\/div>\n\t\t\t\t\t<\/div>\n\n\t\n\n\t<div id=\"col-767268920\" class=\"col medium-4 small-12 large-4\"  >\n\t\t\t\t<div class=\"col-inner\"  >\n\t\t\t\n\t\t\t\n<div class=\"video video-fit mb\" style=\"padding-top:56.25%;\"><p><iframe loading=\"lazy\" title=\"Vi\u1ec7t Nam quy\u1ebft th\u1eafng Corona - Nh\u00e0 h\u00e1t M\u00faa r\u1ed1i Th\u0103ng Long\" width=\"1020\" height=\"574\" src=\"https:\/\/www.youtube.com\/embed\/riHAJWUaiKk?feature=oembed\" frameborder=\"0\" allow=\"accelerometer; autoplay; clipboard-write; encrypted-media; gyroscope; picture-in-picture; web-share\" referrerpolicy=\"strict-origin-when-cross-origin\" allowfullscreen><\/iframe><\/p>\n<\/div>\n\t\t<\/div>\n\t\t\t\t\t<\/div>\n\n\t\n<\/div>\n\t\t<\/div>\n\n\t\t\n<style>\n#section_1478925212 {\n  padding-top: 30px;\n  padding-bottom: 30px;\n}\n<\/style>\n\t<\/section>","protected":false},"excerpt":{"rendered":"","protected":false},"author":2,"featured_media":0,"parent":0,"menu_order":0,"comment_status":"closed","ping_status":"closed","template":"page-blank.php","meta":{"_acf_changed":false,"footnotes":""},"class_list":["post-434","page","type-page","status-publish","hentry"],"acf":[],"_links":{"self":[{"href":"https:\/\/nhahatmuaroithanglong.vn\/en\/wp-json\/wp\/v2\/pages\/434","targetHints":{"allow":["GET"]}}],"collection":[{"href":"https:\/\/nhahatmuaroithanglong.vn\/en\/wp-json\/wp\/v2\/pages"}],"about":[{"href":"https:\/\/nhahatmuaroithanglong.vn\/en\/wp-json\/wp\/v2\/types\/page"}],"author":[{"embeddable":true,"href":"https:\/\/nhahatmuaroithanglong.vn\/en\/wp-json\/wp\/v2\/users\/2"}],"replies":[{"embeddable":true,"href":"https:\/\/nhahatmuaroithanglong.vn\/en\/wp-json\/wp\/v2\/comments?post=434"}],"version-history":[{"count":3,"href":"https:\/\/nhahatmuaroithanglong.vn\/en\/wp-json\/wp\/v2\/pages\/434\/revisions"}],"predecessor-version":[{"id":446,"href":"https:\/\/nhahatmuaroithanglong.vn\/en\/wp-json\/wp\/v2\/pages\/434\/revisions\/446"}],"wp:attachment":[{"href":"https:\/\/nhahatmuaroithanglong.vn\/en\/wp-json\/wp\/v2\/media?parent=434"}],"curies":[{"name":"wp","href":"https:\/\/api.w.org\/{rel}","templated":true}]}}